{"id":16,"date":"2025-04-27T10:37:46","date_gmt":"2025-04-27T10:37:46","guid":{"rendered":"http:\/\/vukasinzivaljevic.studio\/?page_id=16"},"modified":"2025-04-29T12:52:29","modified_gmt":"2025-04-29T12:52:29","slug":"about","status":"publish","type":"page","link":"https:\/\/vukasinzivaljevic.studio\/?page_id=16","title":{"rendered":"About"},"content":{"rendered":"<p>Vuka\u0161in \u017divaljevi\u0107, D.A. is an Assistant Professor of Photography in Media, TV Journalism, and New Media at the Department of Media Studies within the <a href=\"https:\/\/www.ff.uns.ac.rs\/en\">Faculty of Philosophy<\/a> at UNS.<\/p><p>He holds a Doctorate in Arts (D.A.) in Drama and Audiovisual Arts from the Academy of Arts at the UNS. Additionally, he is the founder and director of the <a href=\"https:\/\/filmfreeway.com\/TAKTFilmFest\">TAKT Film Festival<\/a> and is actively involved with <a href=\"https:\/\/kulturanova.org\/\">Kulturanova<\/a>, among other initiatives.<\/p><p>As an awarded cinematographer, he has shot, directed, and edited a diverse array of films and animations, including numerous documentaries, commercials, music videos, event coverage, promotional videos, various television formats, commercial and editorial photography, as well as multimedia and activism projects. His most notable documentary is &#8220;<a href=\"https:\/\/www.youtube.com\/watch?v=889uQzEQmoQ\">Galaksija: The Computer that Refused to Die!<\/a>&#8220;, , while his highly award-winning stop-motion animations &#8220;<a href=\"https:\/\/filmfreeway.com\/LuxClara\">Lux Clara<\/a>&#8221; and &#8220;<a href=\"https:\/\/filmfreeway.com\/retuning\">Retuning<\/a>&#8221; have garnered significant recognition in the industry.<br><\/p><figure class=\"wp-block-image aligncenter size-full is-resized\"><img fetchpriority=\"high\" decoding=\"async\" width=\"533\" height=\"800\" src=\"https:\/\/vukasinzivaljevic.studio\/wp-content\/uploads\/2025\/04\/140a63bd08-headshot.jpg\" alt=\"\" class=\"wp-image-17\" style=\"width:265px;height:auto\" srcset=\"https:\/\/vukasinzivaljevic.studio\/wp-content\/uploads\/2025\/04\/140a63bd08-headshot.jpg 533w, https:\/\/vukasinzivaljevic.studio\/wp-content\/uploads\/2025\/04\/140a63bd08-headshot-200x300.jpg 200w, https:\/\/vukasinzivaljevic.studio\/wp-content\/uploads\/2025\/04\/140a63bd08-headshot-8x12.jpg 8w\" sizes=\"(max-width: 533px) 100vw, 533px\" \/><\/figure>","protected":false},"excerpt":{"rendered":"<p>Vuka\u0161in \u017divaljevi\u0107, D.A. is an Assistant Professor of Photography in Media, TV Journalism, and New Media at the Department of Media Studies within the Faculty of Philosophy at UNS. He holds a Doctorate in Arts (D.A.) in Drama and Audiovisual Arts from the Academy of Arts at the UNS. Additionally, he is the founder and [&hellip;]<\/p>\n","protected":false},"author":1,"featured_media":0,"parent":0,"menu_order":0,"comment_status":"closed","ping_status":"closed","template":"","meta":{"footnotes":""},"class_list":["post-16","page","type-page","status-publish","hentry"],"yoast_head":"<!-- This site is optimized with the Yoast SEO plugin v24.9 - https:\/\/yoast.com\/wordpress\/plugins\/seo\/ -->\n<title>About - Vuka\u0161in \u017divaljevi\u0107<\/title>\n<meta name=\"robots\" content=\"index, follow, max-snippet:-1, max-image-preview:large, max-video-preview:-1\" \/>\n<link rel=\"canonical\" href=\"https:\/\/vukasinzivaljevic.studio\/?page_id=16\" \/>\n<meta property=\"og:locale\" content=\"en_US\" \/>\n<meta property=\"og:type\" content=\"article\" \/>\n<meta property=\"og:title\" content=\"About - Vuka\u0161in \u017divaljevi\u0107\" \/>\n<meta property=\"og:description\" content=\"Vuka\u0161in \u017divaljevi\u0107, D.A. is an Assistant Professor of Photography in Media, TV Journalism, and New Media at the Department of Media Studies within the Faculty of Philosophy at UNS. He holds a Doctorate in Arts (D.A.) in Drama and Audiovisual Arts from the Academy of Arts at the UNS. Additionally, he is the founder and [&hellip;]\" \/>\n<meta property=\"og:url\" content=\"https:\/\/vukasinzivaljevic.studio\/?page_id=16\" \/>\n<meta property=\"og:site_name\" content=\"Vuka\u0161in \u017divaljevi\u0107\" \/>\n<meta property=\"article:modified_time\" content=\"2025-04-29T12:52:29+00:00\" \/>\n<meta property=\"og:image\" content=\"http:\/\/vukasinzivaljevic.studio\/wp-content\/uploads\/2025\/04\/140a63bd08-headshot.jpg\" \/>\n<meta name=\"twitter:card\" content=\"summary_large_image\" \/>\n<meta name=\"twitter:label1\" content=\"Est. reading time\" \/>\n\t<meta name=\"twitter:data1\" content=\"1 minute\" \/>\n<script type=\"application\/ld+json\" class=\"yoast-schema-graph\">{\"@context\":\"https:\/\/schema.org\",\"@graph\":[{\"@type\":\"WebPage\",\"@id\":\"https:\/\/vukasinzivaljevic.studio\/?page_id=16\",\"url\":\"https:\/\/vukasinzivaljevic.studio\/?page_id=16\",\"name\":\"About - Vuka\u0161in \u017divaljevi\u0107\",\"isPartOf\":{\"@id\":\"https:\/\/vukasinzivaljevic.studio\/#website\"},\"primaryImageOfPage\":{\"@id\":\"https:\/\/vukasinzivaljevic.studio\/?page_id=16#primaryimage\"},\"image\":{\"@id\":\"https:\/\/vukasinzivaljevic.studio\/?page_id=16#primaryimage\"},\"thumbnailUrl\":\"http:\/\/vukasinzivaljevic.studio\/wp-content\/uploads\/2025\/04\/140a63bd08-headshot.jpg\",\"datePublished\":\"2025-04-27T10:37:46+00:00\",\"dateModified\":\"2025-04-29T12:52:29+00:00\",\"breadcrumb\":{\"@id\":\"https:\/\/vukasinzivaljevic.studio\/?page_id=16#breadcrumb\"},\"inLanguage\":\"en-US\",\"potentialAction\":[{\"@type\":\"ReadAction\",\"target\":[\"https:\/\/vukasinzivaljevic.studio\/?page_id=16\"]}]},{\"@type\":\"ImageObject\",\"inLanguage\":\"en-US\",\"@id\":\"https:\/\/vukasinzivaljevic.studio\/?page_id=16#primaryimage\",\"url\":\"https:\/\/vukasinzivaljevic.studio\/wp-content\/uploads\/2025\/04\/140a63bd08-headshot.jpg\",\"contentUrl\":\"https:\/\/vukasinzivaljevic.studio\/wp-content\/uploads\/2025\/04\/140a63bd08-headshot.jpg\",\"width\":533,\"height\":800},{\"@type\":\"BreadcrumbList\",\"@id\":\"https:\/\/vukasinzivaljevic.studio\/?page_id=16#breadcrumb\",\"itemListElement\":[{\"@type\":\"ListItem\",\"position\":1,\"name\":\"Home\",\"item\":\"https:\/\/vukasinzivaljevic.studio\/\"},{\"@type\":\"ListItem\",\"position\":2,\"name\":\"About\"}]},{\"@type\":\"WebSite\",\"@id\":\"https:\/\/vukasinzivaljevic.studio\/#website\",\"url\":\"https:\/\/vukasinzivaljevic.studio\/\",\"name\":\"Vuka\u0161in \u017divaljevi\u0107\",\"description\":\"Creating. Capturing. Inspiring.\",\"publisher\":{\"@id\":\"https:\/\/vukasinzivaljevic.studio\/#organization\"},\"potentialAction\":[{\"@type\":\"SearchAction\",\"target\":{\"@type\":\"EntryPoint\",\"urlTemplate\":\"https:\/\/vukasinzivaljevic.studio\/?s={search_term_string}\"},\"query-input\":{\"@type\":\"PropertyValueSpecification\",\"valueRequired\":true,\"valueName\":\"search_term_string\"}}],\"inLanguage\":\"en-US\"},{\"@type\":\"Organization\",\"@id\":\"https:\/\/vukasinzivaljevic.studio\/#organization\",\"name\":\"Vuka\u0161in \u017divaljevi\u0107\",\"url\":\"https:\/\/vukasinzivaljevic.studio\/\",\"logo\":{\"@type\":\"ImageObject\",\"inLanguage\":\"en-US\",\"@id\":\"https:\/\/vukasinzivaljevic.studio\/#\/schema\/logo\/image\/\",\"url\":\"https:\/\/vukasinzivaljevic.studio\/wp-content\/uploads\/2025\/04\/1.png\",\"contentUrl\":\"https:\/\/vukasinzivaljevic.studio\/wp-content\/uploads\/2025\/04\/1.png\",\"width\":500,\"height\":500,\"caption\":\"Vuka\u0161in \u017divaljevi\u0107\"},\"image\":{\"@id\":\"https:\/\/vukasinzivaljevic.studio\/#\/schema\/logo\/image\/\"}}]}<\/script>\n<!-- \/ Yoast SEO plugin. -->","yoast_head_json":{"title":"About - Vuka\u0161in \u017divaljevi\u0107","robots":{"index":"index","follow":"follow","max-snippet":"max-snippet:-1","max-image-preview":"max-image-preview:large","max-video-preview":"max-video-preview:-1"},"canonical":"https:\/\/vukasinzivaljevic.studio\/?page_id=16","og_locale":"en_US","og_type":"article","og_title":"About - Vuka\u0161in \u017divaljevi\u0107","og_description":"Vuka\u0161in \u017divaljevi\u0107, D.A. is an Assistant Professor of Photography in Media, TV Journalism, and New Media at the Department of Media Studies within the Faculty of Philosophy at UNS. He holds a Doctorate in Arts (D.A.) in Drama and Audiovisual Arts from the Academy of Arts at the UNS. Additionally, he is the founder and [&hellip;]","og_url":"https:\/\/vukasinzivaljevic.studio\/?page_id=16","og_site_name":"Vuka\u0161in \u017divaljevi\u0107","article_modified_time":"2025-04-29T12:52:29+00:00","og_image":[{"url":"http:\/\/vukasinzivaljevic.studio\/wp-content\/uploads\/2025\/04\/140a63bd08-headshot.jpg","type":"","width":"","height":""}],"twitter_card":"summary_large_image","twitter_misc":{"Est. reading time":"1 minute"},"schema":{"@context":"https:\/\/schema.org","@graph":[{"@type":"WebPage","@id":"https:\/\/vukasinzivaljevic.studio\/?page_id=16","url":"https:\/\/vukasinzivaljevic.studio\/?page_id=16","name":"About - Vuka\u0161in \u017divaljevi\u0107","isPartOf":{"@id":"https:\/\/vukasinzivaljevic.studio\/#website"},"primaryImageOfPage":{"@id":"https:\/\/vukasinzivaljevic.studio\/?page_id=16#primaryimage"},"image":{"@id":"https:\/\/vukasinzivaljevic.studio\/?page_id=16#primaryimage"},"thumbnailUrl":"http:\/\/vukasinzivaljevic.studio\/wp-content\/uploads\/2025\/04\/140a63bd08-headshot.jpg","datePublished":"2025-04-27T10:37:46+00:00","dateModified":"2025-04-29T12:52:29+00:00","breadcrumb":{"@id":"https:\/\/vukasinzivaljevic.studio\/?page_id=16#breadcrumb"},"inLanguage":"en-US","potentialAction":[{"@type":"ReadAction","target":["https:\/\/vukasinzivaljevic.studio\/?page_id=16"]}]},{"@type":"ImageObject","inLanguage":"en-US","@id":"https:\/\/vukasinzivaljevic.studio\/?page_id=16#primaryimage","url":"https:\/\/vukasinzivaljevic.studio\/wp-content\/uploads\/2025\/04\/140a63bd08-headshot.jpg","contentUrl":"https:\/\/vukasinzivaljevic.studio\/wp-content\/uploads\/2025\/04\/140a63bd08-headshot.jpg","width":533,"height":800},{"@type":"BreadcrumbList","@id":"https:\/\/vukasinzivaljevic.studio\/?page_id=16#breadcrumb","itemListElement":[{"@type":"ListItem","position":1,"name":"Home","item":"https:\/\/vukasinzivaljevic.studio\/"},{"@type":"ListItem","position":2,"name":"About"}]},{"@type":"WebSite","@id":"https:\/\/vukasinzivaljevic.studio\/#website","url":"https:\/\/vukasinzivaljevic.studio\/","name":"Vuka\u0161in \u017divaljevi\u0107","description":"Creating. Capturing. Inspiring.","publisher":{"@id":"https:\/\/vukasinzivaljevic.studio\/#organization"},"potentialAction":[{"@type":"SearchAction","target":{"@type":"EntryPoint","urlTemplate":"https:\/\/vukasinzivaljevic.studio\/?s={search_term_string}"},"query-input":{"@type":"PropertyValueSpecification","valueRequired":true,"valueName":"search_term_string"}}],"inLanguage":"en-US"},{"@type":"Organization","@id":"https:\/\/vukasinzivaljevic.studio\/#organization","name":"Vuka\u0161in \u017divaljevi\u0107","url":"https:\/\/vukasinzivaljevic.studio\/","logo":{"@type":"ImageObject","inLanguage":"en-US","@id":"https:\/\/vukasinzivaljevic.studio\/#\/schema\/logo\/image\/","url":"https:\/\/vukasinzivaljevic.studio\/wp-content\/uploads\/2025\/04\/1.png","contentUrl":"https:\/\/vukasinzivaljevic.studio\/wp-content\/uploads\/2025\/04\/1.png","width":500,"height":500,"caption":"Vuka\u0161in \u017divaljevi\u0107"},"image":{"@id":"https:\/\/vukasinzivaljevic.studio\/#\/schema\/logo\/image\/"}}]}},"_links":{"self":[{"href":"https:\/\/vukasinzivaljevic.studio\/index.php?rest_route=\/wp\/v2\/pages\/16","targetHints":{"allow":["GET"]}}],"collection":[{"href":"https:\/\/vukasinzivaljevic.studio\/index.php?rest_route=\/wp\/v2\/pages"}],"about":[{"href":"https:\/\/vukasinzivaljevic.studio\/index.php?rest_route=\/wp\/v2\/types\/page"}],"author":[{"embeddable":true,"href":"https:\/\/vukasinzivaljevic.studio\/index.php?rest_route=\/wp\/v2\/users\/1"}],"replies":[{"embeddable":true,"href":"https:\/\/vukasinzivaljevic.studio\/index.php?rest_route=%2Fwp%2Fv2%2Fcomments&post=16"}],"version-history":[{"count":5,"href":"https:\/\/vukasinzivaljevic.studio\/index.php?rest_route=\/wp\/v2\/pages\/16\/revisions"}],"predecessor-version":[{"id":89,"href":"https:\/\/vukasinzivaljevic.studio\/index.php?rest_route=\/wp\/v2\/pages\/16\/revisions\/89"}],"wp:attachment":[{"href":"https:\/\/vukasinzivaljevic.studio\/index.php?rest_route=%2Fwp%2Fv2%2Fmedia&parent=16"}],"curies":[{"name":"wp","href":"https:\/\/api.w.org\/{rel}","templated":true}]}}