{"id":23,"date":"2025-04-27T10:52:13","date_gmt":"2025-04-27T10:52:13","guid":{"rendered":"http:\/\/vukasinzivaljevic.studio\/?page_id=23"},"modified":"2025-04-27T11:03:04","modified_gmt":"2025-04-27T11:03:04","slug":"contact-me","status":"publish","type":"page","link":"https:\/\/vukasinzivaljevic.studio\/?page_id=23","title":{"rendered":"Contact me"},"content":{"rendered":"<p>vukasin.zivaljevic@ff.uns.ac.rs<br>+38169693311<\/p>","protected":false},"excerpt":{"rendered":"<p>vukasin.zivaljevic@ff.uns.ac.rs+38169693311<\/p>\n","protected":false},"author":1,"featured_media":0,"parent":0,"menu_order":0,"comment_status":"closed","ping_status":"closed","template":"","meta":{"footnotes":""},"class_list":["post-23","page","type-page","status-publish","hentry"],"yoast_head":"<!-- This site is optimized with the Yoast SEO plugin v24.9 - https:\/\/yoast.com\/wordpress\/plugins\/seo\/ -->\n<title>Contact me - Vuka\u0161in \u017divaljevi\u0107<\/title>\n<meta name=\"robots\" content=\"index, follow, max-snippet:-1, max-image-preview:large, max-video-preview:-1\" \/>\n<link rel=\"canonical\" href=\"https:\/\/vukasinzivaljevic.studio\/?page_id=23\" \/>\n<meta property=\"og:locale\" content=\"en_US\" \/>\n<meta property=\"og:type\" content=\"article\" \/>\n<meta property=\"og:title\" content=\"Contact me - Vuka\u0161in \u017divaljevi\u0107\" \/>\n<meta property=\"og:description\" content=\"vukasin.zivaljevic@ff.uns.ac.rs+38169693311\" \/>\n<meta property=\"og:url\" content=\"https:\/\/vukasinzivaljevic.studio\/?page_id=23\" \/>\n<meta property=\"og:site_name\" content=\"Vuka\u0161in \u017divaljevi\u0107\" \/>\n<meta property=\"article:modified_time\" content=\"2025-04-27T11:03:04+00:00\" \/>\n<meta name=\"twitter:card\" content=\"summary_large_image\" \/>\n<meta name=\"twitter:label1\" content=\"Est. reading time\" \/>\n\t<meta name=\"twitter:data1\" content=\"1 minute\" \/>\n<script type=\"application\/ld+json\" class=\"yoast-schema-graph\">{\"@context\":\"https:\/\/schema.org\",\"@graph\":[{\"@type\":\"WebPage\",\"@id\":\"https:\/\/vukasinzivaljevic.studio\/?page_id=23\",\"url\":\"https:\/\/vukasinzivaljevic.studio\/?page_id=23\",\"name\":\"Contact me - Vuka\u0161in \u017divaljevi\u0107\",\"isPartOf\":{\"@id\":\"https:\/\/vukasinzivaljevic.studio\/#website\"},\"datePublished\":\"2025-04-27T10:52:13+00:00\",\"dateModified\":\"2025-04-27T11:03:04+00:00\",\"breadcrumb\":{\"@id\":\"https:\/\/vukasinzivaljevic.studio\/?page_id=23#breadcrumb\"},\"inLanguage\":\"en-US\",\"potentialAction\":[{\"@type\":\"ReadAction\",\"target\":[\"https:\/\/vukasinzivaljevic.studio\/?page_id=23\"]}]},{\"@type\":\"BreadcrumbList\",\"@id\":\"https:\/\/vukasinzivaljevic.studio\/?page_id=23#breadcrumb\",\"itemListElement\":[{\"@type\":\"ListItem\",\"position\":1,\"name\":\"Home\",\"item\":\"https:\/\/vukasinzivaljevic.studio\/\"},{\"@type\":\"ListItem\",\"position\":2,\"name\":\"Contact me\"}]},{\"@type\":\"WebSite\",\"@id\":\"https:\/\/vukasinzivaljevic.studio\/#website\",\"url\":\"https:\/\/vukasinzivaljevic.studio\/\",\"name\":\"Vuka\u0161in \u017divaljevi\u0107\",\"description\":\"Creating. Capturing. Inspiring.\",\"publisher\":{\"@id\":\"https:\/\/vukasinzivaljevic.studio\/#organization\"},\"potentialAction\":[{\"@type\":\"SearchAction\",\"target\":{\"@type\":\"EntryPoint\",\"urlTemplate\":\"https:\/\/vukasinzivaljevic.studio\/?s={search_term_string}\"},\"query-input\":{\"@type\":\"PropertyValueSpecification\",\"valueRequired\":true,\"valueName\":\"search_term_string\"}}],\"inLanguage\":\"en-US\"},{\"@type\":\"Organization\",\"@id\":\"https:\/\/vukasinzivaljevic.studio\/#organization\",\"name\":\"Vuka\u0161in \u017divaljevi\u0107\",\"url\":\"https:\/\/vukasinzivaljevic.studio\/\",\"logo\":{\"@type\":\"ImageObject\",\"inLanguage\":\"en-US\",\"@id\":\"https:\/\/vukasinzivaljevic.studio\/#\/schema\/logo\/image\/\",\"url\":\"https:\/\/vukasinzivaljevic.studio\/wp-content\/uploads\/2025\/04\/1.png\",\"contentUrl\":\"https:\/\/vukasinzivaljevic.studio\/wp-content\/uploads\/2025\/04\/1.png\",\"width\":500,\"height\":500,\"caption\":\"Vuka\u0161in \u017divaljevi\u0107\"},\"image\":{\"@id\":\"https:\/\/vukasinzivaljevic.studio\/#\/schema\/logo\/image\/\"}}]}<\/script>\n<!-- \/ Yoast SEO plugin. -->","yoast_head_json":{"title":"Contact me - Vuka\u0161in \u017divaljevi\u0107","robots":{"index":"index","follow":"follow","max-snippet":"max-snippet:-1","max-image-preview":"max-image-preview:large","max-video-preview":"max-video-preview:-1"},"canonical":"https:\/\/vukasinzivaljevic.studio\/?page_id=23","og_locale":"en_US","og_type":"article","og_title":"Contact me - Vuka\u0161in \u017divaljevi\u0107","og_description":"vukasin.zivaljevic@ff.uns.ac.rs+38169693311","og_url":"https:\/\/vukasinzivaljevic.studio\/?page_id=23","og_site_name":"Vuka\u0161in \u017divaljevi\u0107","article_modified_time":"2025-04-27T11:03:04+00:00","twitter_card":"summary_large_image","twitter_misc":{"Est. reading time":"1 minute"},"schema":{"@context":"https:\/\/schema.org","@graph":[{"@type":"WebPage","@id":"https:\/\/vukasinzivaljevic.studio\/?page_id=23","url":"https:\/\/vukasinzivaljevic.studio\/?page_id=23","name":"Contact me - Vuka\u0161in \u017divaljevi\u0107","isPartOf":{"@id":"https:\/\/vukasinzivaljevic.studio\/#website"},"datePublished":"2025-04-27T10:52:13+00:00","dateModified":"2025-04-27T11:03:04+00:00","breadcrumb":{"@id":"https:\/\/vukasinzivaljevic.studio\/?page_id=23#breadcrumb"},"inLanguage":"en-US","potentialAction":[{"@type":"ReadAction","target":["https:\/\/vukasinzivaljevic.studio\/?page_id=23"]}]},{"@type":"BreadcrumbList","@id":"https:\/\/vukasinzivaljevic.studio\/?page_id=23#breadcrumb","itemListElement":[{"@type":"ListItem","position":1,"name":"Home","item":"https:\/\/vukasinzivaljevic.studio\/"},{"@type":"ListItem","position":2,"name":"Contact me"}]},{"@type":"WebSite","@id":"https:\/\/vukasinzivaljevic.studio\/#website","url":"https:\/\/vukasinzivaljevic.studio\/","name":"Vuka\u0161in \u017divaljevi\u0107","description":"Creating. Capturing. Inspiring.","publisher":{"@id":"https:\/\/vukasinzivaljevic.studio\/#organization"},"potentialAction":[{"@type":"SearchAction","target":{"@type":"EntryPoint","urlTemplate":"https:\/\/vukasinzivaljevic.studio\/?s={search_term_string}"},"query-input":{"@type":"PropertyValueSpecification","valueRequired":true,"valueName":"search_term_string"}}],"inLanguage":"en-US"},{"@type":"Organization","@id":"https:\/\/vukasinzivaljevic.studio\/#organization","name":"Vuka\u0161in \u017divaljevi\u0107","url":"https:\/\/vukasinzivaljevic.studio\/","logo":{"@type":"ImageObject","inLanguage":"en-US","@id":"https:\/\/vukasinzivaljevic.studio\/#\/schema\/logo\/image\/","url":"https:\/\/vukasinzivaljevic.studio\/wp-content\/uploads\/2025\/04\/1.png","contentUrl":"https:\/\/vukasinzivaljevic.studio\/wp-content\/uploads\/2025\/04\/1.png","width":500,"height":500,"caption":"Vuka\u0161in \u017divaljevi\u0107"},"image":{"@id":"https:\/\/vukasinzivaljevic.studio\/#\/schema\/logo\/image\/"}}]}},"_links":{"self":[{"href":"https:\/\/vukasinzivaljevic.studio\/index.php?rest_route=\/wp\/v2\/pages\/23","targetHints":{"allow":["GET"]}}],"collection":[{"href":"https:\/\/vukasinzivaljevic.studio\/index.php?rest_route=\/wp\/v2\/pages"}],"about":[{"href":"https:\/\/vukasinzivaljevic.studio\/index.php?rest_route=\/wp\/v2\/types\/page"}],"author":[{"embeddable":true,"href":"https:\/\/vukasinzivaljevic.studio\/index.php?rest_route=\/wp\/v2\/users\/1"}],"replies":[{"embeddable":true,"href":"https:\/\/vukasinzivaljevic.studio\/index.php?rest_route=%2Fwp%2Fv2%2Fcomments&post=23"}],"version-history":[{"count":1,"href":"https:\/\/vukasinzivaljevic.studio\/index.php?rest_route=\/wp\/v2\/pages\/23\/revisions"}],"predecessor-version":[{"id":25,"href":"https:\/\/vukasinzivaljevic.studio\/index.php?rest_route=\/wp\/v2\/pages\/23\/revisions\/25"}],"wp:attachment":[{"href":"https:\/\/vukasinzivaljevic.studio\/index.php?rest_route=%2Fwp%2Fv2%2Fmedia&parent=23"}],"curies":[{"name":"wp","href":"https:\/\/api.w.org\/{rel}","templated":true}]}}