{"id":36,"date":"2025-04-27T11:20:41","date_gmt":"2025-04-27T11:20:41","guid":{"rendered":"http:\/\/vukasinzivaljevic.studio\/?page_id=36"},"modified":"2025-04-29T18:07:50","modified_gmt":"2025-04-29T18:07:50","slug":"videography-photography","status":"publish","type":"page","link":"https:\/\/vukasinzivaljevic.studio\/?page_id=36","title":{"rendered":"Showcase"},"content":{"rendered":"<h1 class=\"wp-block-heading\"><strong>Music videos<\/strong><\/h1><div style=\"height:20px\" aria-hidden=\"true\" class=\"wp-block-spacer\"><\/div><div class=\"wp-block-media-text is-stacked-on-mobile\" style=\"grid-template-columns:63% auto\"><figure class=\"wp-block-media-text__media\"><video controls src=\"https:\/\/vukasinzivaljevic.studio\/wp-content\/uploads\/2025\/04\/1.-Short-Reports-Nisam.mp4\"><\/video><\/figure><div class=\"wp-block-media-text__content\"><p><strong>Short Reports \u2013 Nisam<\/strong><br><br>Director, Director of Photography, Screenwriter, Color Grading<\/p>\n\n<p><\/p><\/div><\/div><div style=\"height:20px\" aria-hidden=\"true\" class=\"wp-block-spacer\"><\/div><div class=\"wp-block-media-text is-stacked-on-mobile\" style=\"grid-template-columns:63% auto\"><figure class=\"wp-block-media-text__media\"><video controls src=\"https:\/\/vukasinzivaljevic.studio\/wp-content\/uploads\/2025\/04\/2.-CrossOver-_-Istina.mp4\"><\/video><\/figure><div class=\"wp-block-media-text__content\"><p><strong>CrossOver &#8211; Istina<\/strong><\/p>\n\n<p>Director, Director of Photography, Screenwriter, Editor, Color Grading<\/p><\/div><\/div><div style=\"height:20px\" aria-hidden=\"true\" class=\"wp-block-spacer\"><\/div><div class=\"wp-block-media-text is-stacked-on-mobile\" style=\"grid-template-columns:63% auto\"><figure class=\"wp-block-media-text__media\"><video controls src=\"https:\/\/vukasinzivaljevic.studio\/wp-content\/uploads\/2025\/04\/3.-Grizete-Covek.mp4\"><\/video><\/figure><div class=\"wp-block-media-text__content\"><p><strong>Grizete \u2013 \u010covek<\/strong><\/p>\n\n<p>Director, Director of Photography, Screenwriter, Editor, Color Grading<\/p><\/div><\/div><div style=\"height:20px\" aria-hidden=\"true\" class=\"wp-block-spacer\"><\/div><div class=\"wp-block-media-text is-stacked-on-mobile\" style=\"grid-template-columns:63% auto\"><figure class=\"wp-block-media-text__media\"><video controls src=\"https:\/\/vukasinzivaljevic.studio\/wp-content\/uploads\/2025\/04\/4.-Sonas-Libertad.m4v\"><\/video><\/figure><div class=\"wp-block-media-text__content\"><p><strong>Sonas \u2013 Libertad<\/strong><br><br>Director, Director of Photography, Screenwriter, Color Grading<\/p>\n\n<p><\/p><\/div><\/div><div style=\"height:20px\" aria-hidden=\"true\" class=\"wp-block-spacer\"><\/div><div class=\"wp-block-media-text is-stacked-on-mobile\" style=\"grid-template-columns:63% auto\"><figure class=\"wp-block-media-text__media\"><video controls src=\"https:\/\/vukasinzivaljevic.studio\/wp-content\/uploads\/2025\/04\/5.-Love-Hunters-Munee.mp4\"><\/video><\/figure><div class=\"wp-block-media-text__content\"><p><strong>Love Hunters \u2013 Munee<\/strong><br><br>Director, Director of Photography, Screenwriter, Editor, Color Grading, CGI<\/p>\n\n<p><\/p><\/div><\/div><div style=\"height:20px\" aria-hidden=\"true\" class=\"wp-block-spacer\"><\/div><div class=\"wp-block-media-text is-stacked-on-mobile\" style=\"grid-template-columns:63% auto\"><figure class=\"wp-block-media-text__media\"><video controls src=\"https:\/\/vukasinzivaljevic.studio\/wp-content\/uploads\/2025\/04\/6.-Lajka-na-Mesecu-Mange.mp4\"><\/video><\/figure><div class=\"wp-block-media-text__content\"><p><strong>Lajka na Mesecu<\/strong> \u2013 <strong>Mange<\/strong><br><br>Director, Director of Photography, Screenwriter, Animator, Editor, Color Grading, CGI<\/p>\n\n<p><\/p><\/div><\/div><div style=\"height:20px\" aria-hidden=\"true\" class=\"wp-block-spacer\"><\/div><div class=\"wp-block-media-text is-stacked-on-mobile\" style=\"grid-template-columns:63% auto\"><figure class=\"wp-block-media-text__media\"><video controls src=\"https:\/\/vukasinzivaljevic.studio\/wp-content\/uploads\/2025\/04\/7.-Inhale-Exale.mp4\"><\/video><\/figure><div class=\"wp-block-media-text__content\"><p><strong>Inhale \u2013 Exale<\/strong><br><br>Director, Director of Photography, Screenwriter, Editor, Color Grading<\/p>\n\n<p><\/p><\/div><\/div><div style=\"height:20px\" aria-hidden=\"true\" class=\"wp-block-spacer\"><\/div><div class=\"wp-block-media-text is-stacked-on-mobile\" style=\"grid-template-columns:63% auto\"><figure class=\"wp-block-media-text__media\"><video controls src=\"https:\/\/vukasinzivaljevic.studio\/wp-content\/uploads\/2025\/04\/8.-Grizete-Strah.mp4\"><\/video><\/figure><div class=\"wp-block-media-text__content\"><p><strong>Grizete \u2013 Strah<\/strong><br><br>Director, Director of Photography, Screenwriter, Co-Editor, Color Grading<\/p>\n\n<p><\/p><\/div><\/div><div style=\"height:40px\" aria-hidden=\"true\" class=\"wp-block-spacer\"><\/div><h1 class=\"wp-block-heading\"><strong>Documentaries<\/strong><\/h1><div style=\"height:20px\" aria-hidden=\"true\" class=\"wp-block-spacer\"><\/div><div class=\"wp-block-media-text is-stacked-on-mobile\" style=\"grid-template-columns:63% auto\"><figure class=\"wp-block-media-text__media\"><video controls src=\"https:\/\/vukasinzivaljevic.studio\/wp-content\/uploads\/2025\/04\/D1.-Ljudi-od-kamena-Trejler-4k.mp4\"><\/video><\/figure><div class=\"wp-block-media-text__content\"><p><strong>Ljudi od kamena<\/strong> <br>feature documentary<br><br>Director, Director of Photography, Co-Producer<br><br><a href=\"https:\/\/www.youtube.com\/watch?v=iB430WUAqSA\">Full movie<\/a><\/p>\n\n<p><\/p><\/div><\/div><div style=\"height:22px\" aria-hidden=\"true\" class=\"wp-block-spacer\"><\/div><div class=\"wp-block-media-text is-stacked-on-mobile\" style=\"grid-template-columns:63% auto\"><figure class=\"wp-block-media-text__media\"><video controls src=\"https:\/\/vukasinzivaljevic.studio\/wp-content\/uploads\/2025\/04\/D2.-Alternativa-Ruthenica-trejler.mp4\"><\/video><\/figure><div class=\"wp-block-media-text__content\"><p><strong>Alternative Ruthenica <\/strong><br>feature documentary<br><br>Director, Director of Photography, Co-Screenwriter<br><br>Movie is in the post-production<\/p>\n\n<p><\/p><\/div><\/div><div style=\"height:21px\" aria-hidden=\"true\" class=\"wp-block-spacer\"><\/div><div class=\"wp-block-media-text is-stacked-on-mobile\" style=\"grid-template-columns:63% auto\"><figure class=\"wp-block-media-text__media\"><video controls src=\"https:\/\/vukasinzivaljevic.studio\/wp-content\/uploads\/2025\/04\/D3.-GALAKSIJA-racunar-koji-je-odbio-da-umre-Trejler.mp4\"><\/video><\/figure><div class=\"wp-block-media-text__content\"><p><strong>Galaksija<\/strong> <br>feature documentary-fiction<br><br>Director, Director of Photography, Co-Producer<\/p>\n\n<p><a href=\"https:\/\/www.youtube.com\/watch?v=RxzgW-WP13I&amp;t=539s\">Full movie<\/a><\/p><\/div><\/div><div style=\"height:21px\" aria-hidden=\"true\" class=\"wp-block-spacer\"><\/div><div style=\"height:40px\" aria-hidden=\"true\" class=\"wp-block-spacer\"><\/div><h1 class=\"wp-block-heading\"><strong>Animations<\/strong><\/h1><div style=\"height:21px\" aria-hidden=\"true\" class=\"wp-block-spacer\"><\/div><div class=\"wp-block-media-text is-stacked-on-mobile\" style=\"grid-template-columns:63% auto\"><figure class=\"wp-block-media-text__media\"><video controls src=\"https:\/\/vukasinzivaljevic.studio\/wp-content\/uploads\/2025\/04\/A1.-Lux-Clara.mp4\"><\/video><\/figure><div class=\"wp-block-media-text__content\"><p><strong>Lux Clara<\/strong><br>short stop-motion<\/p>\n\n<p>Director, Director of Photography, Co-Screenwriter, Art Director, Animator, Color Grading, Editor<br><br><a href=\"https:\/\/www.youtube.com\/watch?v=kURGmscDn0E\">Making of<\/a><\/p><\/div><\/div><div style=\"height:21px\" aria-hidden=\"true\" class=\"wp-block-spacer\"><\/div><div class=\"wp-block-media-text is-stacked-on-mobile\" style=\"grid-template-columns:63% auto\"><figure class=\"wp-block-media-text__media\"><video controls src=\"https:\/\/vukasinzivaljevic.studio\/wp-content\/uploads\/2025\/04\/A2.-Retuning.mp4\"><\/video><\/figure><div class=\"wp-block-media-text__content\"><p><strong>Retuning<\/strong><br>short experimental puppet stop-motion<\/p>\n\n<p>Director, Director of Photography, Animator, Color Grading, Editor<\/p><\/div><\/div><div style=\"height:21px\" aria-hidden=\"true\" class=\"wp-block-spacer\"><\/div><div class=\"wp-block-media-text is-stacked-on-mobile\" style=\"grid-template-columns:63% auto\"><figure class=\"wp-block-media-text__media\"><video controls src=\"https:\/\/vukasinzivaljevic.studio\/wp-content\/uploads\/2025\/04\/A3.-Beyond-Reality-Inc.-sample.mp4\"><\/video><\/figure><div class=\"wp-block-media-text__content\"><p><strong>Beyond Reality Inc.<\/strong><br>puppet stop-motion film<\/p>\n\n<p>Co-Screenwriter, Director, Director of Photography, Art Director, Animator, Editor<br><br>Movie is in the post-production<br><br><a href=\"https:\/\/www.youtube.com\/watch?v=5j9in9m__J0\">Teaser<\/a><\/p><\/div><\/div><p><\/p>","protected":false},"excerpt":{"rendered":"<p>Music videos Short Reports \u2013 Nisam Director, Director of Photography, Screenwriter, Color Grading CrossOver &#8211; Istina Director, Director of Photography, Screenwriter, Editor, Color Grading Grizete \u2013 \u010covek Director, Director of Photography, Screenwriter, Editor, Color Grading Sonas \u2013 Libertad Director, Director of Photography, Screenwriter, Color Grading Love Hunters \u2013 Munee Director, Director of Photography, Screenwriter, Editor, [&hellip;]<\/p>\n","protected":false},"author":1,"featured_media":0,"parent":0,"menu_order":0,"comment_status":"closed","ping_status":"closed","template":"","meta":{"footnotes":""},"class_list":["post-36","page","type-page","status-publish","hentry"],"yoast_head":"<!-- This site is optimized with the Yoast SEO plugin v24.9 - https:\/\/yoast.com\/wordpress\/plugins\/seo\/ -->\n<title>Showcase - Vuka\u0161in \u017divaljevi\u0107<\/title>\n<meta name=\"robots\" content=\"index, follow, max-snippet:-1, max-image-preview:large, max-video-preview:-1\" \/>\n<link rel=\"canonical\" href=\"https:\/\/vukasinzivaljevic.studio\/?page_id=36\" \/>\n<meta property=\"og:locale\" content=\"en_US\" \/>\n<meta property=\"og:type\" content=\"article\" \/>\n<meta property=\"og:title\" content=\"Showcase - Vuka\u0161in \u017divaljevi\u0107\" \/>\n<meta property=\"og:description\" content=\"Music videos Short Reports \u2013 Nisam Director, Director of Photography, Screenwriter, Color Grading CrossOver &#8211; Istina Director, Director of Photography, Screenwriter, Editor, Color Grading Grizete \u2013 \u010covek Director, Director of Photography, Screenwriter, Editor, Color Grading Sonas \u2013 Libertad Director, Director of Photography, Screenwriter, Color Grading Love Hunters \u2013 Munee Director, Director of Photography, Screenwriter, Editor, [&hellip;]\" \/>\n<meta property=\"og:url\" content=\"https:\/\/vukasinzivaljevic.studio\/?page_id=36\" \/>\n<meta property=\"og:site_name\" content=\"Vuka\u0161in \u017divaljevi\u0107\" \/>\n<meta property=\"article:modified_time\" content=\"2025-04-29T18:07:50+00:00\" \/>\n<meta name=\"twitter:card\" content=\"summary_large_image\" \/>\n<meta name=\"twitter:label1\" content=\"Est. reading time\" \/>\n\t<meta name=\"twitter:data1\" content=\"1 minute\" \/>\n<script type=\"application\/ld+json\" class=\"yoast-schema-graph\">{\"@context\":\"https:\/\/schema.org\",\"@graph\":[{\"@type\":\"WebPage\",\"@id\":\"https:\/\/vukasinzivaljevic.studio\/?page_id=36\",\"url\":\"https:\/\/vukasinzivaljevic.studio\/?page_id=36\",\"name\":\"Showcase - Vuka\u0161in \u017divaljevi\u0107\",\"isPartOf\":{\"@id\":\"https:\/\/vukasinzivaljevic.studio\/#website\"},\"datePublished\":\"2025-04-27T11:20:41+00:00\",\"dateModified\":\"2025-04-29T18:07:50+00:00\",\"breadcrumb\":{\"@id\":\"https:\/\/vukasinzivaljevic.studio\/?page_id=36#breadcrumb\"},\"inLanguage\":\"en-US\",\"potentialAction\":[{\"@type\":\"ReadAction\",\"target\":[\"https:\/\/vukasinzivaljevic.studio\/?page_id=36\"]}]},{\"@type\":\"BreadcrumbList\",\"@id\":\"https:\/\/vukasinzivaljevic.studio\/?page_id=36#breadcrumb\",\"itemListElement\":[{\"@type\":\"ListItem\",\"position\":1,\"name\":\"Home\",\"item\":\"https:\/\/vukasinzivaljevic.studio\/\"},{\"@type\":\"ListItem\",\"position\":2,\"name\":\"Showcase\"}]},{\"@type\":\"WebSite\",\"@id\":\"https:\/\/vukasinzivaljevic.studio\/#website\",\"url\":\"https:\/\/vukasinzivaljevic.studio\/\",\"name\":\"Vuka\u0161in \u017divaljevi\u0107\",\"description\":\"Creating. Capturing. Inspiring.\",\"publisher\":{\"@id\":\"https:\/\/vukasinzivaljevic.studio\/#organization\"},\"potentialAction\":[{\"@type\":\"SearchAction\",\"target\":{\"@type\":\"EntryPoint\",\"urlTemplate\":\"https:\/\/vukasinzivaljevic.studio\/?s={search_term_string}\"},\"query-input\":{\"@type\":\"PropertyValueSpecification\",\"valueRequired\":true,\"valueName\":\"search_term_string\"}}],\"inLanguage\":\"en-US\"},{\"@type\":\"Organization\",\"@id\":\"https:\/\/vukasinzivaljevic.studio\/#organization\",\"name\":\"Vuka\u0161in \u017divaljevi\u0107\",\"url\":\"https:\/\/vukasinzivaljevic.studio\/\",\"logo\":{\"@type\":\"ImageObject\",\"inLanguage\":\"en-US\",\"@id\":\"https:\/\/vukasinzivaljevic.studio\/#\/schema\/logo\/image\/\",\"url\":\"https:\/\/vukasinzivaljevic.studio\/wp-content\/uploads\/2025\/04\/1.png\",\"contentUrl\":\"https:\/\/vukasinzivaljevic.studio\/wp-content\/uploads\/2025\/04\/1.png\",\"width\":500,\"height\":500,\"caption\":\"Vuka\u0161in \u017divaljevi\u0107\"},\"image\":{\"@id\":\"https:\/\/vukasinzivaljevic.studio\/#\/schema\/logo\/image\/\"}}]}<\/script>\n<!-- \/ Yoast SEO plugin. -->","yoast_head_json":{"title":"Showcase - Vuka\u0161in \u017divaljevi\u0107","robots":{"index":"index","follow":"follow","max-snippet":"max-snippet:-1","max-image-preview":"max-image-preview:large","max-video-preview":"max-video-preview:-1"},"canonical":"https:\/\/vukasinzivaljevic.studio\/?page_id=36","og_locale":"en_US","og_type":"article","og_title":"Showcase - Vuka\u0161in \u017divaljevi\u0107","og_description":"Music videos Short Reports \u2013 Nisam Director, Director of Photography, Screenwriter, Color Grading CrossOver &#8211; Istina Director, Director of Photography, Screenwriter, Editor, Color Grading Grizete \u2013 \u010covek Director, Director of Photography, Screenwriter, Editor, Color Grading Sonas \u2013 Libertad Director, Director of Photography, Screenwriter, Color Grading Love Hunters \u2013 Munee Director, Director of Photography, Screenwriter, Editor, [&hellip;]","og_url":"https:\/\/vukasinzivaljevic.studio\/?page_id=36","og_site_name":"Vuka\u0161in \u017divaljevi\u0107","article_modified_time":"2025-04-29T18:07:50+00:00","twitter_card":"summary_large_image","twitter_misc":{"Est. reading time":"1 minute"},"schema":{"@context":"https:\/\/schema.org","@graph":[{"@type":"WebPage","@id":"https:\/\/vukasinzivaljevic.studio\/?page_id=36","url":"https:\/\/vukasinzivaljevic.studio\/?page_id=36","name":"Showcase - Vuka\u0161in \u017divaljevi\u0107","isPartOf":{"@id":"https:\/\/vukasinzivaljevic.studio\/#website"},"datePublished":"2025-04-27T11:20:41+00:00","dateModified":"2025-04-29T18:07:50+00:00","breadcrumb":{"@id":"https:\/\/vukasinzivaljevic.studio\/?page_id=36#breadcrumb"},"inLanguage":"en-US","potentialAction":[{"@type":"ReadAction","target":["https:\/\/vukasinzivaljevic.studio\/?page_id=36"]}]},{"@type":"BreadcrumbList","@id":"https:\/\/vukasinzivaljevic.studio\/?page_id=36#breadcrumb","itemListElement":[{"@type":"ListItem","position":1,"name":"Home","item":"https:\/\/vukasinzivaljevic.studio\/"},{"@type":"ListItem","position":2,"name":"Showcase"}]},{"@type":"WebSite","@id":"https:\/\/vukasinzivaljevic.studio\/#website","url":"https:\/\/vukasinzivaljevic.studio\/","name":"Vuka\u0161in \u017divaljevi\u0107","description":"Creating. Capturing. Inspiring.","publisher":{"@id":"https:\/\/vukasinzivaljevic.studio\/#organization"},"potentialAction":[{"@type":"SearchAction","target":{"@type":"EntryPoint","urlTemplate":"https:\/\/vukasinzivaljevic.studio\/?s={search_term_string}"},"query-input":{"@type":"PropertyValueSpecification","valueRequired":true,"valueName":"search_term_string"}}],"inLanguage":"en-US"},{"@type":"Organization","@id":"https:\/\/vukasinzivaljevic.studio\/#organization","name":"Vuka\u0161in \u017divaljevi\u0107","url":"https:\/\/vukasinzivaljevic.studio\/","logo":{"@type":"ImageObject","inLanguage":"en-US","@id":"https:\/\/vukasinzivaljevic.studio\/#\/schema\/logo\/image\/","url":"https:\/\/vukasinzivaljevic.studio\/wp-content\/uploads\/2025\/04\/1.png","contentUrl":"https:\/\/vukasinzivaljevic.studio\/wp-content\/uploads\/2025\/04\/1.png","width":500,"height":500,"caption":"Vuka\u0161in \u017divaljevi\u0107"},"image":{"@id":"https:\/\/vukasinzivaljevic.studio\/#\/schema\/logo\/image\/"}}]}},"_links":{"self":[{"href":"https:\/\/vukasinzivaljevic.studio\/index.php?rest_route=\/wp\/v2\/pages\/36","targetHints":{"allow":["GET"]}}],"collection":[{"href":"https:\/\/vukasinzivaljevic.studio\/index.php?rest_route=\/wp\/v2\/pages"}],"about":[{"href":"https:\/\/vukasinzivaljevic.studio\/index.php?rest_route=\/wp\/v2\/types\/page"}],"author":[{"embeddable":true,"href":"https:\/\/vukasinzivaljevic.studio\/index.php?rest_route=\/wp\/v2\/users\/1"}],"replies":[{"embeddable":true,"href":"https:\/\/vukasinzivaljevic.studio\/index.php?rest_route=%2Fwp%2Fv2%2Fcomments&post=36"}],"version-history":[{"count":5,"href":"https:\/\/vukasinzivaljevic.studio\/index.php?rest_route=\/wp\/v2\/pages\/36\/revisions"}],"predecessor-version":[{"id":148,"href":"https:\/\/vukasinzivaljevic.studio\/index.php?rest_route=\/wp\/v2\/pages\/36\/revisions\/148"}],"wp:attachment":[{"href":"https:\/\/vukasinzivaljevic.studio\/index.php?rest_route=%2Fwp%2Fv2%2Fmedia&parent=36"}],"curies":[{"name":"wp","href":"https:\/\/api.w.org\/{rel}","templated":true}]}}